{"id":2150,"date":"2023-10-03T18:07:47","date_gmt":"2023-10-03T16:07:47","guid":{"rendered":"https:\/\/www.pintax.cat\/serveis\/"},"modified":"2023-11-22T20:47:05","modified_gmt":"2023-11-22T18:47:05","slug":"servicios","status":"publish","type":"page","link":"https:\/\/www.pintax.cat\/es\/servicios\/","title":{"rendered":"Servicios"},"content":{"rendered":"<section class=\"wpb-content-wrapper\"><p>[vc_row el_class=\u00bbmargin-top-70&#8243;][vc_column width=\u00bb1\/2&#8243;]<h4 class=\" box-header margin-top-40\">NUESTROS SERVICIOS SON:<\/h4><ul class=\"list margin-top-30\"><li class=\"template-bullet \"><span>Plancha y pintura de veh\u00edculos<\/span><\/li><br \/>\n<li class=\"template-bullet \"><span>Recepci\u00f3n de veh\u00edculos para proceder a su reparaci\u00f3n, ya sea a nivel particular o para compa\u00f1\u00edas<\/span><\/li><br \/>\n<li class=\"template-bullet \"><span>Atenci\u00f3n de los peritos de las compa\u00f1\u00edas para gestionar con garant\u00edas las reparaciones<br \/>\n<\/span><\/li><br \/>\n<li class=\"template-bullet \"><span>Rapidez en las reparaciones para que el cliente permanezca los menos d\u00edas posibles sin su veh\u00edculo<\/span><\/li><br \/>\n<li class=\"template-bullet \"><span>Diligencia en las reparaciones de los veh\u00edculos que no pueden circular<\/span><\/li><br \/>\n<li class=\"template-bullet \"><span>Veh\u00edculos de cortes\u00eda para los clientes que lo soliciten<\/span><\/li><br \/>\n<li class=\"template-bullet \"><span>Traslado del cliente a casa e ir a buscarlo para que pueda recoger su veh\u00edculo. Este servicio queda supeditado a unos 10 km. de distancia<\/span><\/li><br \/>\n<li class=\"template-bullet \"><span>Entrega de los veh\u00edculos lavados y aspirados en su interior<\/span><\/li><br \/>\n<li class=\"template-bullet \"><span>Oscurecimiento de cristales con certificado de homologaci\u00f3n<\/span><\/li><\/ul>[vc_row_inner top_margin=\u00bbpage-margin-top\u00bb][vc_column_inner]<a class=\"more\" href=\"https:\/\/www.pintax.cat\/es\/contacto\" title=\"CONTACTO\"><span>CONTACTO<\/span><\/a>[vc_empty_space height=\u00bb100px\u00bb][\/vc_column_inner][\/vc_row_inner][\/vc_column][vc_column width=\u00bb1\/2&#8243;][vc_single_image image=\u00bb1985&#8243; img_size=\u00bbgallery-thumb\u00bb onclick=\u00bbimg_link_large\u00bb el_class=\u00bbcs-lightbox\u00bb][vc_row_inner el_class=\u00bbmargin-top-30&#8243;][vc_column_inner width=\u00bb1\/2&#8243;][vc_single_image image=\u00bb1987&#8243; img_size=\u00bbmedium-thumb\u00bb onclick=\u00bbimg_link_large\u00bb el_class=\u00bbcs-lightbox\u00bb][\/vc_column_inner][vc_column_inner width=\u00bb1\/2&#8243;][vc_single_image image=\u00bb1993&#8243; img_size=\u00bbmedium-thumb\u00bb onclick=\u00bbimg_link_large\u00bb el_class=\u00bbcs-lightbox\u00bb][\/vc_column_inner][\/vc_row_inner][\/vc_column][\/vc_row]<\/p>\n<\/section>","protected":false},"excerpt":{"rendered":"<p>[vc_row el_class=\u00bbmargin-top-70&#8243;][vc_column width=\u00bb1\/2&#8243;][vc_row_inner top_margin=\u00bbpage-margin-top\u00bb][vc_column_inner][vc_empty_space height=\u00bb100px\u00bb][\/vc_column_inner][\/vc_row_inner][\/vc_column][vc_column width=\u00bb1\/2&#8243;][vc_single_image image=\u00bb1985&#8243; img_size=\u00bbgallery-thumb\u00bb onclick=\u00bbimg_link_large\u00bb el_class=\u00bbcs-lightbox\u00bb][vc_row_inner el_class=\u00bbmargin-top-30&#8243;][vc_column_inner width=\u00bb1\/2&#8243;][vc_single_image image=\u00bb1987&#8243; img_size=\u00bbmedium-thumb\u00bb onclick=\u00bbimg_link_large\u00bb el_class=\u00bbcs-lightbox\u00bb][\/vc_column_inner][vc_column_inner width=\u00bb1\/2&#8243;][vc_single_image image=\u00bb1993&#8243; img_size=\u00bbmedium-thumb\u00bb onclick=\u00bbimg_link_large\u00bb el_class=\u00bbcs-lightbox\u00bb][\/vc_column_inner][\/vc_row_inner][\/vc_column][\/vc_row]<\/p>\n","protected":false},"author":1,"featured_media":0,"parent":0,"menu_order":4,"comment_status":"closed","ping_status":"open","template":"","meta":{"footnotes":""},"class_list":["post-2150","page","type-page","status-publish","hentry"],"aioseo_notices":[],"_links":{"self":[{"href":"https:\/\/www.pintax.cat\/es\/wp-json\/wp\/v2\/pages\/2150","targetHints":{"allow":["GET"]}}],"collection":[{"href":"https:\/\/www.pintax.cat\/es\/wp-json\/wp\/v2\/pages"}],"about":[{"href":"https:\/\/www.pintax.cat\/es\/wp-json\/wp\/v2\/types\/page"}],"author":[{"embeddable":true,"href":"https:\/\/www.pintax.cat\/es\/wp-json\/wp\/v2\/users\/1"}],"replies":[{"embeddable":true,"href":"https:\/\/www.pintax.cat\/es\/wp-json\/wp\/v2\/comments?post=2150"}],"version-history":[{"count":3,"href":"https:\/\/www.pintax.cat\/es\/wp-json\/wp\/v2\/pages\/2150\/revisions"}],"predecessor-version":[{"id":2153,"href":"https:\/\/www.pintax.cat\/es\/wp-json\/wp\/v2\/pages\/2150\/revisions\/2153"}],"wp:attachment":[{"href":"https:\/\/www.pintax.cat\/es\/wp-json\/wp\/v2\/media?parent=2150"}],"curies":[{"name":"wp","href":"https:\/\/api.w.org\/{rel}","templated":true}]}}