{"id":2147,"date":"2023-10-03T18:56:18","date_gmt":"2023-10-03T16:56:18","guid":{"rendered":"https:\/\/www.pintax.cat\/instal-lacions\/"},"modified":"2023-11-22T20:47:05","modified_gmt":"2023-11-22T18:47:05","slug":"instalaciones","status":"publish","type":"page","link":"https:\/\/www.pintax.cat\/es\/instalaciones\/","title":{"rendered":"Instalaciones"},"content":{"rendered":"<section class=\"wpb-content-wrapper\"><p>[vc_row top_margin=\u00bbpage-margin-top-section\u00bb][vc_column]<h2 class=\" box-header\">NUESTRAS INSTALACIONES<\/h2>[vc_row_inner top_margin=\u00bbpage-margin-top-section\u00bb][vc_column_inner width=\u00bb1\/3&#8243;]<div class=\"feature-item\"><h5>UBICACI\u00d3N<\/h5><div class=\"icon sl-small-location-map\"><\/div><p>La empresa est\u00e1 ubicada en Solsona, en la Antigua carretera de Berga, km. 0,100 y dentro del pol\u00edgono \u00abLa Vinya del Teuler\u00bb.<\/p><\/div>[\/vc_column_inner][vc_column_inner width=\u00bb1\/3&#8243;]<div class=\"feature-item\"><h5>SITUACI\u00d3N<\/h5><div class=\"icon sl-small-road\"><\/div><p>La situaci\u00f3n es inmejorable dado que se encuentra junto a las carreteras C26 y C55.<\/p>\n<p>Delante de la nave hay un amplio patio para poder descargar sin dificultad veh\u00edculos que tengan que llegar al taller con gr\u00faa.<\/p><\/div>[\/vc_column_inner][vc_column_inner width=\u00bb1\/3&#8243;]<div class=\"feature-item\"><h5>GARANT\u00cdA<\/h5><div class=\"icon sl-small-certificate\"><\/div><p>Disponemos de unas instalaciones adecuadas para realizar las reparaciones de plancha y pintura de los veh\u00edculos, con todas las garant\u00edas. Trabajamos con productos de primera calidad para garantizar un buen servicio a nuestros clientes.<\/p><\/div>[\/vc_column_inner][\/vc_row_inner][vc_row_inner top_margin=\u00bbpage-margin-top-section\u00bb][vc_column_inner width=\u00bb1\/3&#8243;]<div class=\"feature-item\"><h5>ENERG\u00cdA VERDE<\/h5><div class=\"icon sl-small-eco-nature\"><\/div><p>Actualmente se dispone de una instalaci\u00f3n fotovoltaica para consumo propio de electricidad, dado que somos conscientes de la importancia que estas instalaciones tienen en la reducci\u00f3n de la huella de carbono en el Medio Natural.<\/p><\/div>[\/vc_column_inner][vc_column_inner width=\u00bb1\/3&#8243;]<div class=\"feature-item\"><h5>RECICLAJE<\/h5><div class=\"icon sl-small-engine-belt\"><\/div><p>Tambi\u00e9n disponemos de las l\u00edneas de reciclaje para todas las piezas que deben cambiarse en los veh\u00edculos y as\u00ed darles la salida que corresponde para poder ser cuidadosos con el Medio Natural.<\/p><\/div>[\/vc_column_inner][vc_column_inner width=\u00bb1\/3&#8243;]<div class=\"feature-item\"><h5>SEGURIDAD<\/h5><div class=\"icon sl-small-garage\"><\/div><p>Los veh\u00edculos depositados en nuestras instalaciones, por la noche quedan estacionados dentro del taller, esto muestra el cuidado que tenemos por los bienes de nuestros clientes, los cuales no deben pasar la noche en el patio de nuestras instalaciones, resguard\u00e1ndolos as\u00ed de las inclemencias meteorol\u00f3gicas y otras.<\/p><\/div>[\/vc_column_inner][\/vc_row_inner][vc_row_inner top_margin=\u00bbpage-margin-top-section\u00bb][vc_column_inner width=\u00bb1\/3&#8243;]<div class=\"feature-item\"><h5>COCHES DE CORTES\u00cdA<\/h5><div class=\"icon sl-small-car-2\"><\/div><p>Disponemos de dos coches de cortes\u00eda para nuestros clientes, los cuales pueden disfrutar desinteresadamente mientras reparamos su veh\u00edculo.<\/p><\/div>[\/vc_column_inner][vc_column_inner width=\u00bb1\/3&#8243;]<div class=\"feature-item\"><h5>GR\u00daA<\/h5><div class=\"icon sl-small-truck-tow\"><\/div><p>Tambi\u00e9n disponemos de gr\u00faa para poder realizar recogidas de veh\u00edculos siniestrados o averiados y llevarlos a nuestras instalaciones.<\/p><\/div>[\/vc_column_inner][vc_column_inner width=\u00bb1\/3&#8243;][\/vc_column_inner][\/vc_row_inner][\/vc_column][\/vc_row][vc_row el_class=\u00bbalign-center margin-top-67 padding-bottom-20&#8243;][vc_column]<a class=\"more\" href=\"https:\/\/www.pintax.cat\/es\/contacto\" title=\"CONTACTO\"><span>CONTACTO<\/span><\/a>[\/vc_column][\/vc_row][vc_row type=\u00bbfull-width\u00bb top_margin=\u00bbpage-margin-top-section\u00bb el_class=\u00bbflex-box\u00bb css=\u00bb.vc_custom_1441196365110{background-color: #f5f5f5 !important;}\u00bb][vc_column width=\u00bb1\/2&#8243; css=\u00bb.vc_custom_1696497412929{background-image: url(https:\/\/www.pintax.cat\/wp-content\/uploads\/2023\/10\/IMG_20231004_081111-scaled.jpg?id=1886) !important;}\u00bb][vc_single_image image=\u00bb1886&#8243; img_size=\u00bblarge-thumb\u00bb el_class=\u00bbflex-hide\u00bb][\/vc_column][vc_column width=\u00bb1\/2&#8243; el_class=\u00bbpadding-left-right-100 padding-bottom-66&#8243;]<h2 class=\" box-header page-margin-top-section\">NUESTRO TALLER EST\u00c1 EQUIPADO CON:<\/h2>[vc_row_inner css=\u00bb.vc_custom_1439977887316{margin-top: 30px !important;}\u00bb][vc_column_inner]<ul class=\"list\"><li class=\"template-bullet \"><span>Elevador de tijera<\/span><\/li><br \/>\n<li class=\"template-bullet \"><span>Elevador de dos columnas<\/span><\/li><br \/>\n<li class=\"template-bullet \"><span>Un potro, actualizado con las medidas de todos los veh\u00edculos<\/span><\/li><br \/>\n<li class=\"template-bullet \"><span>Cabina de pintura para coches<\/span><\/li><br \/>\n<li class=\"template-bullet \"><span>Cabina de pintura para camiones o veh\u00edculos grandes<\/span><\/li><\/ul>[\/vc_column_inner][\/vc_row_inner][vc_row_inner el_class=\u00bbalign-center margin-top-67 padding-bottom-20&#8243;][vc_column_inner]<a class=\"more simple\" href=\"https:\/\/www.pintax.cat\/es\/servicios\" title=\"SERVICIOS\"><span>SERVICIOS<\/span><\/a>[\/vc_column_inner][\/vc_row_inner][\/vc_column][\/vc_row][vc_row el_class=\u00bbmargin-top-67 padding-bottom-20&#8243;][vc_column width=\u00bb1\/3&#8243;][vc_single_image image=\u00bb1983&#8243; img_size=\u00bbfull\u00bb add_caption=\u00bbyes\u00bb onclick=\u00bblink_image\u00bb css_animation=\u00bbtop-to-bottom\u00bb]<label class=\" box-header\">Bancada de estiraje (Potro)<\/label>[vc_empty_space][\/vc_column][vc_column width=\u00bb1\/3&#8243;][vc_single_image image=\u00bb1981&#8243; img_size=\u00bbfull\u00bb add_caption=\u00bbyes\u00bb onclick=\u00bblink_image\u00bb css_animation=\u00bbtop-to-bottom\u00bb]<label class=\" box-header\">Cabina de pintura para coches<\/label>[vc_empty_space][\/vc_column][vc_column width=\u00bb1\/3&#8243;][vc_single_image image=\u00bb1978&#8243; img_size=\u00bbfull\u00bb add_caption=\u00bbyes\u00bb onclick=\u00bblink_image\u00bb css_animation=\u00bbtop-to-bottom\u00bb]<label class=\" box-header\">Cabina de pintura para camiones o veh\u00edculos grandes<\/label>[vc_empty_space][\/vc_column][\/vc_row]<\/p>\n<\/section>","protected":false},"excerpt":{"rendered":"<p>[vc_row top_margin=\u00bbpage-margin-top-section\u00bb][vc_column][vc_row_inner top_margin=\u00bbpage-margin-top-section\u00bb][vc_column_inner width=\u00bb1\/3&#8243;][\/vc_column_inner][vc_column_inner width=\u00bb1\/3&#8243;][\/vc_column_inner][vc_column_inner width=\u00bb1\/3&#8243;][\/vc_column_inner][\/vc_row_inner][vc_row_inner top_margin=\u00bbpage-margin-top-section\u00bb][vc_column_inner width=\u00bb1\/3&#8243;][\/vc_column_inner][vc_column_inner width=\u00bb1\/3&#8243;][\/vc_column_inner][vc_column_inner width=\u00bb1\/3&#8243;][\/vc_column_inner][\/vc_row_inner][vc_row_inner top_margin=\u00bbpage-margin-top-section\u00bb][vc_column_inner width=\u00bb1\/3&#8243;][\/vc_column_inner][vc_column_inner width=\u00bb1\/3&#8243;][\/vc_column_inner][vc_column_inner width=\u00bb1\/3&#8243;][\/vc_column_inner][\/vc_row_inner][\/vc_column][\/vc_row][vc_row el_class=\u00bbalign-center margin-top-67 padding-bottom-20&#8243;][vc_column][\/vc_column][\/vc_row][vc_row type=\u00bbfull-width\u00bb top_margin=\u00bbpage-margin-top-section\u00bb el_class=\u00bbflex-box\u00bb css=\u00bb.vc_custom_1441196365110{background-color: #f5f5f5 !important;}\u00bb][vc_column width=\u00bb1\/2&#8243; css=\u00bb.vc_custom_1696497412929{background-image: url(https:\/\/www.pintax.cat\/wp-content\/uploads\/2023\/10\/IMG_20231004_081111-scaled.jpg?id=1886) !important;}\u00bb][vc_single_image image=\u00bb1886&#8243; img_size=\u00bblarge-thumb\u00bb el_class=\u00bbflex-hide\u00bb][\/vc_column][vc_column width=\u00bb1\/2&#8243; el_class=\u00bbpadding-left-right-100 padding-bottom-66&#8243;][vc_row_inner css=\u00bb.vc_custom_1439977887316{margin-top: 30px !important;}\u00bb][vc_column_inner][\/vc_column_inner][\/vc_row_inner][vc_row_inner el_class=\u00bbalign-center margin-top-67 padding-bottom-20&#8243;][vc_column_inner][\/vc_column_inner][\/vc_row_inner][\/vc_column][\/vc_row][vc_row el_class=\u00bbmargin-top-67 padding-bottom-20&#8243;][vc_column width=\u00bb1\/3&#8243;][vc_single_image image=\u00bb1983&#8243; img_size=\u00bbfull\u00bb add_caption=\u00bbyes\u00bb onclick=\u00bblink_image\u00bb css_animation=\u00bbtop-to-bottom\u00bb][vc_empty_space][\/vc_column][vc_column width=\u00bb1\/3&#8243;][vc_single_image image=\u00bb1981&#8243; img_size=\u00bbfull\u00bb add_caption=\u00bbyes\u00bb onclick=\u00bblink_image\u00bb css_animation=\u00bbtop-to-bottom\u00bb][vc_empty_space][\/vc_column][vc_column width=\u00bb1\/3&#8243;][vc_single_image image=\u00bb1978&#8243;<\/p>\n","protected":false},"author":1,"featured_media":0,"parent":0,"menu_order":3,"comment_status":"closed","ping_status":"open","template":"","meta":{"footnotes":""},"class_list":["post-2147","page","type-page","status-publish","hentry"],"aioseo_notices":[],"_links":{"self":[{"href":"https:\/\/www.pintax.cat\/es\/wp-json\/wp\/v2\/pages\/2147","targetHints":{"allow":["GET"]}}],"collection":[{"href":"https:\/\/www.pintax.cat\/es\/wp-json\/wp\/v2\/pages"}],"about":[{"href":"https:\/\/www.pintax.cat\/es\/wp-json\/wp\/v2\/types\/page"}],"author":[{"embeddable":true,"href":"https:\/\/www.pintax.cat\/es\/wp-json\/wp\/v2\/users\/1"}],"replies":[{"embeddable":true,"href":"https:\/\/www.pintax.cat\/es\/wp-json\/wp\/v2\/comments?post=2147"}],"version-history":[{"count":2,"href":"https:\/\/www.pintax.cat\/es\/wp-json\/wp\/v2\/pages\/2147\/revisions"}],"predecessor-version":[{"id":2149,"href":"https:\/\/www.pintax.cat\/es\/wp-json\/wp\/v2\/pages\/2147\/revisions\/2149"}],"wp:attachment":[{"href":"https:\/\/www.pintax.cat\/es\/wp-json\/wp\/v2\/media?parent=2147"}],"curies":[{"name":"wp","href":"https:\/\/api.w.org\/{rel}","templated":true}]}}