{"id":2143,"date":"2015-05-08T13:22:48","date_gmt":"2015-05-08T11:22:48","guid":{"rendered":"https:\/\/www.pintax.cat\/home\/"},"modified":"2023-11-22T20:47:05","modified_gmt":"2023-11-22T18:47:05","slug":"home","status":"publish","type":"page","link":"https:\/\/www.pintax.cat\/es\/","title":{"rendered":"Inicio"},"content":{"rendered":"<section class=\"wpb-content-wrapper\"><p>[vc_row type=\u00bbfull-width\u00bb][vc_column][rev_slider_vc alias=\u00bbinici-es\u00bb][\/vc_column][\/vc_row][vc_row top_margin=\u00bbpage-margin-top-section\u00bb][vc_column]<h2 class=\" box-header\">\u00bfQUIENES SOMOS?<\/h2>[vc_column_text el_class=\u00bbdescription align-center\u00bb]A PINTAX DEL SOLSON\u00c8S, S.L., nos dedicamos al sector de la planchister\u00eda y pintura desde el a\u00f1o 1993[\/vc_column_text][vc_row_inner top_margin=\u00bbpage-margin-top\u00bb][vc_column_inner width=\u00bb1\/3&#8243;]<div class=\"feature-item feature-item-big\"><div class=\"hexagon\"><div class=\"sl-small-user-chat\"><\/div><\/div><h4 class=\"box-header\">PERSONAL CUALIFICADO<\/h4><p>El personal de la empresa hace tiempo que se dedica a la planchister\u00eda ya la pintura, siendo profesionales con gran bagaje y experiencia, pudiendo as\u00ed dar un buen servicio en los acabados de los veh\u00edculos reparados<\/p><\/div>[\/vc_column_inner][vc_column_inner width=\u00bb1\/3&#8243;]<div class=\"feature-item feature-item-big\"><div class=\"hexagon\"><div class=\"sl-small-engine-belt-2\"><\/div><\/div><h4 class=\"box-header\">MATERIALES DE CALIDAD<\/h4><p>Trabajamos con productos de primera calidad para poder garantizar un buen servicio a nuestros clientes<\/p><\/div>[\/vc_column_inner][vc_column_inner width=\u00bb1\/3&#8243;]<div class=\"feature-item feature-item-big\"><div class=\"hexagon\"><div class=\"sl-small-wrench-screwdriver\"><\/div><\/div><h4 class=\"box-header\">SERVICIO PROFESIONAL<\/h4><p>Durante 30 a\u00f1os dentro del sector de la planchister\u00eda, nuestros profesionales han adquirido unos conocimientos muy amplios y adecuados a los servicios que ofrecemos, lo que se refleja en el trabajo final de nuestras reparaciones<\/p><\/div>[\/vc_column_inner][\/vc_row_inner][\/vc_column][\/vc_row][vc_row el_class=\u00bbalign-center margin-top-67 padding-bottom-20&#8243;][vc_column]<a class=\"more\" href=\"https:\/\/www.pintax.cat\/es\/instalaciones\" title=\"INSTALACIONES\"><span>INSTALACIONES<\/span><\/a>[vc_empty_space height=\u00bb100px\u00bb][\/vc_column][\/vc_row][vc_row][vc_column]<h5 class=\" box-header\">SOMOS TALLER COLABORADOR DE:<\/h5>[vc_row_inner][vc_column_inner width=\u00bb1\/2&#8243;][vc_single_image image=\u00bb1862&#8243; alignment=\u00bbcenter\u00bb onclick=\u00bbcustom_link\u00bb img_link_target=\u00bb_blank\u00bb link=\u00bbhttps:\/\/www.axa.es\/\u00bb][\/vc_column_inner][vc_column_inner width=\u00bb1\/2&#8243;][vc_single_image image=\u00bb1863&#8243; alignment=\u00bbcenter\u00bb onclick=\u00bbcustom_link\u00bb img_link_target=\u00bb_blank\u00bb link=\u00bbhttps:\/\/www.generali.es\u00bb][\/vc_column_inner][\/vc_row_inner][vc_row_inner][vc_column_inner][vc_empty_space height=\u00bb100px\u00bb][\/vc_column_inner][\/vc_row_inner][\/vc_column][\/vc_row][vc_row][vc_column]<h5 class=\" box-header\">TRABAJAMOS POR TODO TIPO DE COMPA\u00d1\u00cdAS DE SEGUROS:<\/h5>[vc_empty_space height=\u00bb100px\u00bb]<div class=\"our-clients-list-container type-list\">\n\t\t\t\t\t<ul class=\"our-clients-list autoplay-0 type-list\"><li class=\"vertical-align\"><div class=\"our-clients-item-container\"><div class=\"vertical-align-cell\"><a href=\"https:\/\/www.libertyseguros.es\/\"><img loading=\"lazy\" decoding=\"async\" width=\"170\" height=\"120\" src=\"https:\/\/www.pintax.cat\/wp-content\/uploads\/2023\/10\/liberty-seguros.png\" class=\"attachment-full size-full\" alt=\"\" \/><\/a><\/div><\/div><\/li><li class=\"vertical-align\"><div class=\"our-clients-item-container\"><div class=\"vertical-align-cell\"><a href=\"https:\/\/www.reale.es\/\"><img loading=\"lazy\" decoding=\"async\" width=\"170\" height=\"120\" src=\"https:\/\/www.pintax.cat\/wp-content\/uploads\/2023\/10\/reale-seguros.png\" class=\"attachment-full size-full\" alt=\"\" \/><\/a><\/div><\/div><\/li><li class=\"vertical-align\"><div class=\"our-clients-item-container\"><div class=\"vertical-align-cell\"><a href=\"https:\/\/www.allianzdirect.es\/\"><img loading=\"lazy\" decoding=\"async\" width=\"170\" height=\"120\" src=\"https:\/\/www.pintax.cat\/wp-content\/uploads\/2023\/10\/allianz.png\" class=\"attachment-full size-full\" alt=\"\" \/><\/a><\/div><\/div><\/li><li class=\"vertical-align\"><div class=\"our-clients-item-container\"><div class=\"vertical-align-cell\"><a href=\"https:\/\/www.racc.cat\/\"><img loading=\"lazy\" decoding=\"async\" width=\"170\" height=\"120\" src=\"https:\/\/www.pintax.cat\/wp-content\/uploads\/2023\/10\/racc.png\" class=\"attachment-full size-full\" alt=\"\" \/><\/a><\/div><\/div><\/li><li class=\"vertical-align\"><div class=\"our-clients-item-container\"><div class=\"vertical-align-cell\"><a href=\"https:\/\/www.seguroscatalanaoccidente.com\/cat\"><img loading=\"lazy\" decoding=\"async\" width=\"170\" height=\"120\" src=\"https:\/\/www.pintax.cat\/wp-content\/uploads\/2023\/10\/catalana-occident.png\" class=\"attachment-full size-full\" alt=\"\" \/><\/a><\/div><\/div><\/li><li class=\"vertical-align\"><div class=\"our-clients-item-container\"><div class=\"vertical-align-cell\"><a href=\"https:\/\/www.segurosbilbao.com\/cat\"><img loading=\"lazy\" decoding=\"async\" width=\"170\" height=\"120\" src=\"https:\/\/www.pintax.cat\/wp-content\/uploads\/2023\/10\/seguros-bilbao.png\" class=\"attachment-full size-full\" alt=\"\" \/><\/a><\/div><\/div><\/li><li class=\"vertical-align\"><div class=\"our-clients-item-container\"><div class=\"vertical-align-cell\"><a href=\"https:\/\/www.plusultra.es\/cat\"><img loading=\"lazy\" decoding=\"async\" width=\"170\" height=\"120\" src=\"https:\/\/www.pintax.cat\/wp-content\/uploads\/2023\/10\/plus-ultra-seguros.png\" class=\"attachment-full size-full\" alt=\"\" \/><\/a><\/div><\/div><\/li><li class=\"vertical-align\"><div class=\"our-clients-item-container\"><div class=\"vertical-align-cell\"><img loading=\"lazy\" decoding=\"async\" width=\"170\" height=\"120\" src=\"https:\/\/www.pintax.cat\/wp-content\/uploads\/2023\/10\/fiatc.png\" class=\"attachment-full size-full\" alt=\"\" \/><\/div><\/div><\/li><li class=\"vertical-align\"><div class=\"our-clients-item-container\"><div class=\"vertical-align-cell\"><img loading=\"lazy\" decoding=\"async\" width=\"170\" height=\"120\" src=\"https:\/\/www.pintax.cat\/wp-content\/uploads\/2023\/10\/mgs.png\" class=\"attachment-full size-full\" alt=\"\" \/><\/div><\/div><\/li><li class=\"vertical-align\"><div class=\"our-clients-item-container\"><div class=\"vertical-align-cell\"><img loading=\"lazy\" decoding=\"async\" width=\"170\" height=\"120\" src=\"https:\/\/www.pintax.cat\/wp-content\/uploads\/2023\/10\/linea-directa.png\" class=\"attachment-full size-full\" alt=\"\" \/><\/div><\/div><\/li><li class=\"vertical-align\"><div class=\"our-clients-item-container\"><div class=\"vertical-align-cell\"><a href=\"https:\/\/segurosmapfre.mapfre.es\/\"><img loading=\"lazy\" decoding=\"async\" width=\"170\" height=\"120\" src=\"https:\/\/www.pintax.cat\/wp-content\/uploads\/2023\/10\/mapfre.png\" class=\"attachment-full size-full\" alt=\"\" \/><\/a><\/div><\/div><\/li><li class=\"vertical-align\"><div class=\"our-clients-item-container\"><div class=\"vertical-align-cell\"><img loading=\"lazy\" decoding=\"async\" width=\"170\" height=\"120\" src=\"https:\/\/www.pintax.cat\/wp-content\/uploads\/2023\/10\/mutua-madrilena.png\" class=\"attachment-full size-full\" alt=\"\" \/><\/div><\/div><\/li><li class=\"vertical-align\"><div class=\"our-clients-item-container\"><div class=\"vertical-align-cell\"><img loading=\"lazy\" decoding=\"async\" width=\"170\" height=\"120\" src=\"https:\/\/www.pintax.cat\/wp-content\/uploads\/2023\/10\/regal.png\" class=\"attachment-full size-full\" alt=\"\" \/><\/div><\/div><\/li><li class=\"vertical-align\"><div class=\"our-clients-item-container\"><div class=\"vertical-align-cell\"><img loading=\"lazy\" decoding=\"async\" width=\"170\" height=\"120\" src=\"https:\/\/www.pintax.cat\/wp-content\/uploads\/2023\/10\/segurcaixa-adeslas.png\" class=\"attachment-full size-full\" alt=\"\" \/><\/div><\/div><\/li><li class=\"vertical-align\"><div class=\"our-clients-item-container\"><div class=\"vertical-align-cell\"><a href=\"https:\/\/www.zurich.es\/\"><img loading=\"lazy\" decoding=\"async\" width=\"170\" height=\"120\" src=\"https:\/\/www.pintax.cat\/wp-content\/uploads\/2023\/10\/zurich.png\" class=\"attachment-full size-full\" alt=\"\" \/><\/a><\/div><\/div><\/li><\/ul><div class=\"cs-carousel-pagination\"><\/div><\/div>[vc_empty_space height=\u00bb100px\u00bb][\/vc_column][\/vc_row][vc_row][vc_column][vc_raw_html]JTVCdHJ1c3RpbmRleCUyMG5vLXJlZ2lzdHJhdGlvbiUzRGdvb2dsZSU1RA==[\/vc_raw_html][\/vc_column][\/vc_row]<\/p>\n<\/section>","protected":false},"excerpt":{"rendered":"<p>[vc_row type=\u00bbfull-width\u00bb][vc_column][rev_slider_vc alias=\u00bbinici-es\u00bb][\/vc_column][\/vc_row][vc_row top_margin=\u00bbpage-margin-top-section\u00bb][vc_column][vc_column_text el_class=\u00bbdescription align-center\u00bb]A PINTAX DEL SOLSON\u00c8S, S.L., nos dedicamos al sector de la planchister\u00eda y pintura desde el a\u00f1o 1993[\/vc_column_text][vc_row_inner top_margin=\u00bbpage-margin-top\u00bb][vc_column_inner width=\u00bb1\/3&#8243;][\/vc_column_inner][vc_column_inner width=\u00bb1\/3&#8243;][\/vc_column_inner][vc_column_inner width=\u00bb1\/3&#8243;][\/vc_column_inner][\/vc_row_inner][\/vc_column][\/vc_row][vc_row el_class=\u00bbalign-center margin-top-67 padding-bottom-20&#8243;][vc_column][vc_empty_space height=\u00bb100px\u00bb][\/vc_column][\/vc_row][vc_row][vc_column][vc_row_inner][vc_column_inner width=\u00bb1\/2&#8243;][vc_single_image image=\u00bb1862&#8243; alignment=\u00bbcenter\u00bb onclick=\u00bbcustom_link\u00bb img_link_target=\u00bb_blank\u00bb link=\u00bbhttps:\/\/www.axa.es\/\u00bb][\/vc_column_inner][vc_column_inner width=\u00bb1\/2&#8243;][vc_single_image image=\u00bb1863&#8243; alignment=\u00bbcenter\u00bb onclick=\u00bbcustom_link\u00bb img_link_target=\u00bb_blank\u00bb link=\u00bbhttps:\/\/www.generali.es\u00bb][\/vc_column_inner][\/vc_row_inner][vc_row_inner][vc_column_inner][vc_empty_space height=\u00bb100px\u00bb][\/vc_column_inner][\/vc_row_inner][\/vc_column][\/vc_row][vc_row][vc_column][vc_empty_space height=\u00bb100px\u00bb][vc_empty_space height=\u00bb100px\u00bb][\/vc_column][\/vc_row][vc_row][vc_column][vc_raw_html]JTVCdHJ1c3RpbmRleCUyMG5vLXJlZ2lzdHJhdGlvbiUzRGdvb2dsZSU1RA==[\/vc_raw_html][\/vc_column][\/vc_row]<\/p>\n","protected":false},"author":1,"featured_media":0,"parent":0,"menu_order":1,"comment_status":"closed","ping_status":"open","template":"template-default-without-breadcrumbs.php","meta":{"footnotes":""},"class_list":["post-2143","page","type-page","status-publish","hentry"],"aioseo_notices":[],"_links":{"self":[{"href":"https:\/\/www.pintax.cat\/es\/wp-json\/wp\/v2\/pages\/2143","targetHints":{"allow":["GET"]}}],"collection":[{"href":"https:\/\/www.pintax.cat\/es\/wp-json\/wp\/v2\/pages"}],"about":[{"href":"https:\/\/www.pintax.cat\/es\/wp-json\/wp\/v2\/types\/page"}],"author":[{"embeddable":true,"href":"https:\/\/www.pintax.cat\/es\/wp-json\/wp\/v2\/users\/1"}],"replies":[{"embeddable":true,"href":"https:\/\/www.pintax.cat\/es\/wp-json\/wp\/v2\/comments?post=2143"}],"version-history":[{"count":4,"href":"https:\/\/www.pintax.cat\/es\/wp-json\/wp\/v2\/pages\/2143\/revisions"}],"predecessor-version":[{"id":2155,"href":"https:\/\/www.pintax.cat\/es\/wp-json\/wp\/v2\/pages\/2143\/revisions\/2155"}],"wp:attachment":[{"href":"https:\/\/www.pintax.cat\/es\/wp-json\/wp\/v2\/media?parent=2143"}],"curies":[{"name":"wp","href":"https:\/\/api.w.org\/{rel}","templated":true}]}}